{"id":1895,"date":"2015-12-04T02:08:28","date_gmt":"2015-12-04T02:08:28","guid":{"rendered":"https:\/\/quali-inspec.ca\/about\/"},"modified":"2025-05-15T21:02:37","modified_gmt":"2025-05-15T21:02:37","slug":"a-propos","status":"publish","type":"page","link":"https:\/\/quali-inspec.ca\/fr\/a-propos\/","title":{"rendered":"\u00c0 propos"},"content":{"rendered":"<p><div class=\"fusion-fullwidth fullwidth-box fusion-builder-row-1 fusion-flex-container has-pattern-background has-mask-background fusion-parallax-none nonhundred-percent-fullwidth non-hundred-percent-height-scrolling lazyload\" style=\"--awb-border-radius-top-left:0px;--awb-border-radius-top-right:0px;--awb-border-radius-bottom-right:0px;--awb-border-radius-bottom-left:0px;--awb-min-height:calc(100vh - 162px);--awb-background-size:cover;--awb-flex-wrap:wrap;\" data-bg=\"https:\/\/quali-inspec.ca\/wp-content\/uploads\/2025\/04\/1-1.png\" ><div class=\"fusion-builder-row fusion-row fusion-flex-align-items-flex-start fusion-flex-align-content-center fusion-flex-content-wrap\" style=\"max-width:1216.8px;margin-left: calc(-4% \/ 2 );margin-right: calc(-4% \/ 2 );\"><div class=\"fusion-layout-column fusion_builder_column fusion-builder-column-0 fusion_builder_column_1_1 1_1 fusion-flex-column fusion-animated\" style=\"--awb-bg-size:cover;--awb-width-large:100%;--awb-margin-top-large:0px;--awb-spacing-right-large:1.92%;--awb-margin-bottom-large:0px;--awb-spacing-left-large:1.92%;--awb-width-medium:100%;--awb-order-medium:0;--awb-spacing-right-medium:1.92%;--awb-spacing-left-medium:1.92%;--awb-width-small:100%;--awb-order-small:0;--awb-spacing-right-small:1.92%;--awb-spacing-left-small:1.92%;\" data-animationType=\"fadeInUp\" data-animationDuration=\"1.0\" data-animationOffset=\"top-into-view\"><div class=\"fusion-column-wrapper fusion-column-has-shadow fusion-flex-justify-content-flex-start fusion-content-layout-column\"><div class=\"fusion-title title fusion-title-1 fusion-sep-none fusion-title-center fusion-title-text fusion-title-size-one\" style=\"--awb-text-color:var(--awb-color1);--awb-margin-bottom:0px;--awb-font-size:var(--awb-typography1-font-size);\"><h1 class=\"fusion-title-heading title-heading-center fusion-responsive-typography-calculated\" style=\"font-family:&quot;Raleway&quot;;font-style:normal;font-weight:800;margin:0;letter-spacing:var(--awb-typography1-letter-spacing);text-transform:var(--awb-typography1-text-transform);font-size:1em;--fontSize:60;line-height:var(--awb-typography1-line-height);\"><b>L&rsquo;exp\u00e9rience fait toute\u00a0la diff\u00e9rence.<\/b><\/h1><\/div><\/div><\/div><\/div><\/div><div class=\"fusion-fullwidth fullwidth-box fusion-builder-row-2 fusion-flex-container has-pattern-background has-mask-background nonhundred-percent-fullwidth non-hundred-percent-height-scrolling\" style=\"--awb-border-radius-top-left:0px;--awb-border-radius-top-right:0px;--awb-border-radius-bottom-right:0px;--awb-border-radius-bottom-left:0px;--awb-flex-wrap:wrap;\" ><div class=\"fusion-builder-row fusion-row fusion-flex-align-items-flex-start fusion-flex-content-wrap\" style=\"max-width:1216.8px;margin-left: calc(-4% \/ 2 );margin-right: calc(-4% \/ 2 );\"><div class=\"fusion-layout-column fusion_builder_column fusion-builder-column-1 fusion_builder_column_1_1 1_1 fusion-flex-column\" style=\"--awb-bg-size:cover;--awb-width-large:100%;--awb-margin-top-large:0px;--awb-spacing-right-large:1.92%;--awb-margin-bottom-large:0px;--awb-spacing-left-large:1.92%;--awb-width-medium:100%;--awb-order-medium:0;--awb-spacing-right-medium:1.92%;--awb-spacing-left-medium:1.92%;--awb-width-small:100%;--awb-order-small:0;--awb-spacing-right-small:1.92%;--awb-spacing-left-small:1.92%;\"><div class=\"fusion-column-wrapper fusion-column-has-shadow fusion-flex-justify-content-flex-start fusion-content-layout-column\"><div class=\"fusion-separator fusion-full-width-sep\" style=\"align-self: center;margin-left: auto;margin-right: auto;margin-top:30px;margin-bottom:30px;width:100%;\"><\/div><\/div><\/div><\/div><\/div><div class=\"fusion-fullwidth fullwidth-box fusion-builder-row-3 fusion-flex-container has-pattern-background has-mask-background nonhundred-percent-fullwidth non-hundred-percent-height-scrolling\" style=\"--awb-border-radius-top-left:0px;--awb-border-radius-top-right:0px;--awb-border-radius-bottom-right:0px;--awb-border-radius-bottom-left:0px;--awb-flex-wrap:wrap;\" ><div class=\"fusion-builder-row fusion-row fusion-flex-align-items-flex-start fusion-flex-content-wrap\" style=\"max-width:1216.8px;margin-left: calc(-4% \/ 2 );margin-right: calc(-4% \/ 2 );\"><div class=\"fusion-layout-column fusion_builder_column fusion-builder-column-2 fusion_builder_column_2_3 2_3 fusion-flex-column\" style=\"--awb-bg-size:cover;--awb-width-large:66.666666666667%;--awb-margin-top-large:0px;--awb-spacing-right-large:2.88%;--awb-margin-bottom-large:0px;--awb-spacing-left-large:2.88%;--awb-width-medium:100%;--awb-order-medium:0;--awb-spacing-right-medium:1.92%;--awb-spacing-left-medium:1.92%;--awb-width-small:100%;--awb-order-small:0;--awb-spacing-right-small:1.92%;--awb-spacing-left-small:1.92%;\"><div class=\"fusion-column-wrapper fusion-column-has-shadow fusion-flex-justify-content-flex-start fusion-content-layout-column\"><div class=\"fusion-text fusion-text-1\"><div><\/div>\n<div><\/div>\n<div>\n<p><em><strong>Michael Sarris &#8211; Inspecteur r\u00e9sidentiel et commercial<\/strong><\/em><\/p>\n<p>Avec plus de 20 ans d&rsquo;exp\u00e9rience dans l&rsquo;industrie r\u00e9sidentielle et commerciale, Michael Sarris apporte une richesse d&rsquo;expertise pratique et une vision concr\u00e8te \u00e0 chaque inspection qu&rsquo;il entreprend. Connu pour son souci du d\u00e9tail et son engagement en faveur de la qualit\u00e9, Michael s&rsquo;est forg\u00e9 une r\u00e9putation d&rsquo;inspecteur minutieux, fiable et digne de confiance aupr\u00e8s de ses clients et de ses pairs.<\/p>\n<p>Parlant couramment trois langues, la capacit\u00e9 de Michael \u00e0 communiquer clairement et efficacement au sein de diverses communaut\u00e9s ajoute une valeur suppl\u00e9mentaire \u00e0 ses inspections. Qu&rsquo;il travaille avec des propri\u00e9taires, des investisseurs immobiliers ou des entrepreneurs, ses comp\u00e9tences trilingues lui permettent de s&rsquo;assurer qu&rsquo;aucun d\u00e9tail n&rsquo;est perdu dans la traduction.<\/p>\n<p>Michael adopte une approche pleine de bon sens pour chaque travail, en \u00e9quilibrant les connaissances techniques et l&rsquo;aspect pratique du monde r\u00e9el. Sa grande exp\u00e9rience sur le terrain lui permet d&rsquo;\u00e9valuer rapidement les situations, d&rsquo;identifier les probl\u00e8mes potentiels et de proposer des recommandations judicieuses et r\u00e9alisables. Il est convaincu qu&rsquo;il faut donner aux clients les connaissances dont ils ont besoin pour prendre des d\u00e9cisions \u00e9clair\u00e9es, en mettant toujours la s\u00e9curit\u00e9 et l&rsquo;int\u00e9grit\u00e9 au premier plan.<\/p>\n<p>Dynamique, professionnel et accessible, Michael Sarris continue de fixer des normes \u00e9lev\u00e9es dans le domaine de l&rsquo;inspection, apportant la tranquillit\u00e9 d&rsquo;esprit \u00e0 chaque propri\u00e9t\u00e9 qu&rsquo;il inspecte.<\/p>\n<\/div>\n<\/div><\/div><\/div><div class=\"fusion-layout-column fusion_builder_column fusion-builder-column-3 fusion_builder_column_1_3 1_3 fusion-flex-column\" style=\"--awb-bg-size:cover;--awb-width-large:33.333333333333%;--awb-margin-top-large:0px;--awb-spacing-right-large:5.76%;--awb-margin-bottom-large:0px;--awb-spacing-left-large:5.76%;--awb-width-medium:100%;--awb-order-medium:0;--awb-spacing-right-medium:1.92%;--awb-spacing-left-medium:1.92%;--awb-width-small:100%;--awb-order-small:0;--awb-spacing-right-small:1.92%;--awb-spacing-left-small:1.92%;\"><div class=\"fusion-column-wrapper fusion-column-has-shadow fusion-flex-justify-content-flex-start fusion-content-layout-column\"><div class=\"fusion-image-element \" style=\"--awb-caption-title-font-family:var(--h2_typography-font-family);--awb-caption-title-font-weight:var(--h2_typography-font-weight);--awb-caption-title-font-style:var(--h2_typography-font-style);--awb-caption-title-size:var(--h2_typography-font-size);--awb-caption-title-transform:var(--h2_typography-text-transform);--awb-caption-title-line-height:var(--h2_typography-line-height);--awb-caption-title-letter-spacing:var(--h2_typography-letter-spacing);\"><span class=\" fusion-imageframe imageframe-none imageframe-1 hover-type-none\"><img decoding=\"async\" width=\"1366\" height=\"768\" title=\"2\" src=\"https:\/\/quali-inspec.ca\/wp-content\/uploads\/2025\/04\/2-1.png\" data-orig-src=\"https:\/\/quali-inspec.ca\/wp-content\/uploads\/2025\/04\/2-1.png\" alt class=\"lazyload img-responsive wp-image-1840\" srcset=\"data:image\/svg+xml,%3Csvg%20xmlns%3D%27http%3A%2F%2Fwww.w3.org%2F2000%2Fsvg%27%20width%3D%271366%27%20height%3D%27768%27%20viewBox%3D%270%200%201366%20768%27%3E%3Crect%20width%3D%271366%27%20height%3D%27768%27%20fill-opacity%3D%220%22%2F%3E%3C%2Fsvg%3E\" data-srcset=\"https:\/\/quali-inspec.ca\/wp-content\/uploads\/2025\/04\/2-1-200x112.png 200w, https:\/\/quali-inspec.ca\/wp-content\/uploads\/2025\/04\/2-1-400x225.png 400w, https:\/\/quali-inspec.ca\/wp-content\/uploads\/2025\/04\/2-1-600x337.png 600w, https:\/\/quali-inspec.ca\/wp-content\/uploads\/2025\/04\/2-1-800x450.png 800w, https:\/\/quali-inspec.ca\/wp-content\/uploads\/2025\/04\/2-1-1200x675.png 1200w, https:\/\/quali-inspec.ca\/wp-content\/uploads\/2025\/04\/2-1.png 1366w\" data-sizes=\"auto\" data-orig-sizes=\"(max-width: 1024px) 100vw, (max-width: 640px) 100vw, 400px\" \/><\/span><\/div><\/div><\/div><\/div><\/div><\/p>\n","protected":false},"excerpt":{"rendered":"","protected":false},"author":1,"featured_media":0,"parent":0,"menu_order":0,"comment_status":"closed","ping_status":"closed","template":"100-width.php","meta":{"_acf_changed":false,"footnotes":""},"class_list":["post-1895","page","type-page","status-publish","hentry"],"aioseo_notices":[],"acf":[],"_links":{"self":[{"href":"https:\/\/quali-inspec.ca\/fr\/wp-json\/wp\/v2\/pages\/1895","targetHints":{"allow":["GET"]}}],"collection":[{"href":"https:\/\/quali-inspec.ca\/fr\/wp-json\/wp\/v2\/pages"}],"about":[{"href":"https:\/\/quali-inspec.ca\/fr\/wp-json\/wp\/v2\/types\/page"}],"author":[{"embeddable":true,"href":"https:\/\/quali-inspec.ca\/fr\/wp-json\/wp\/v2\/users\/1"}],"replies":[{"embeddable":true,"href":"https:\/\/quali-inspec.ca\/fr\/wp-json\/wp\/v2\/comments?post=1895"}],"version-history":[{"count":4,"href":"https:\/\/quali-inspec.ca\/fr\/wp-json\/wp\/v2\/pages\/1895\/revisions"}],"predecessor-version":[{"id":1955,"href":"https:\/\/quali-inspec.ca\/fr\/wp-json\/wp\/v2\/pages\/1895\/revisions\/1955"}],"wp:attachment":[{"href":"https:\/\/quali-inspec.ca\/fr\/wp-json\/wp\/v2\/media?parent=1895"}],"curies":[{"name":"wp","href":"https:\/\/api.w.org\/{rel}","templated":true}]}}